{"id":397,"date":"2025-03-17T19:26:52","date_gmt":"2025-03-17T19:26:52","guid":{"rendered":"http:\/\/hof-lepschies.de\/?page_id=397"},"modified":"2025-05-06T13:33:46","modified_gmt":"2025-05-06T13:33:46","slug":"osteopathie-fuer-pferde","status":"publish","type":"page","link":"http:\/\/hof-lepschies.de\/?page_id=397","title":{"rendered":"Osteopathie f\u00fcr Pferde"},"content":{"rendered":"\n<p><a href=\"http:\/\/hof-lepschies.de\/wp-content\/uploads\/2025\/03\/logo-4.tiff\"><img decoding=\"async\" class=\"alignnone size-full wp-image-400\" src=\"http:\/\/hof-lepschies.de\/wp-content\/uploads\/2025\/03\/logo-4.tiff\" alt=\"\" \/><\/a><img decoding=\"async\" class=\"alignnone size-full wp-image-400\" src=\"http:\/\/hof-lepschies.de\/wp-content\/uploads\/2025\/03\/logo-4.tiff\" alt=\"\" \/><img loading=\"lazy\" decoding=\"async\" class=\"alignnone size-medium wp-image-405\" src=\"http:\/\/hof-lepschies.de\/wp-content\/uploads\/2025\/03\/483527306_9903751322978094_5258289178428499059_n-265x300.jpg\" alt=\"\" width=\"265\" height=\"300\" srcset=\"http:\/\/hof-lepschies.de\/wp-content\/uploads\/2025\/03\/483527306_9903751322978094_5258289178428499059_n-265x300.jpg 265w, http:\/\/hof-lepschies.de\/wp-content\/uploads\/2025\/03\/483527306_9903751322978094_5258289178428499059_n-904x1024.jpg 904w, http:\/\/hof-lepschies.de\/wp-content\/uploads\/2025\/03\/483527306_9903751322978094_5258289178428499059_n-768x870.jpg 768w, http:\/\/hof-lepschies.de\/wp-content\/uploads\/2025\/03\/483527306_9903751322978094_5258289178428499059_n.jpg 1080w\" sizes=\"auto, (max-width: 265px) 100vw, 265px\" \/><\/p>\n<p><strong>Claudia Sheen &#8211; Osteopathie f\u00fcr Pferde<\/strong><\/p>\n<p>Ich betreibe einen landwirtschaftlichen Pferdepensionsbetrieb, den ich im Sommer 2021 von meinem Vater \u00fcbernahm.<\/p>\n<p>Nebenbei arbeite ich als Verwaltungsfachangestellte beim International Center der CAU-Kiel und betreue dort internationale Studierende.<\/p>\n<p>Meine Leidenschaft geh\u00f6rt den gro\u00dfen Pferden, den Shire Horse und aktuell besitze ich 3 Stuten.<\/p>\n<p>Mein Ehemann und meine 2 Kinder unterst\u00fctzen mich bei der Arbeit auf dem Hof und teilen die Leidenschaft f\u00fcr die Landwirtschaft und Pferde.<\/p>\n<p>Seit ich ein kleines Kind war, reite ich im Freizeitbereich und vor ein paar Jahren habe ich mein Fahrabzeichen gemacht und fahre Kutsche.<\/p>\n<p>Durch einen Koppelunfall verlor ich mein Seelenpferd Damon, ein 9j\u00e4hriger Shire Horse Wallach, den ich seid Fohlenalter besa\u00df.<\/p>\n<p>Es brach mir das Herz, dass ich ihm nicht helfen konnte und der Wunsch zuk\u00fcnftig Pferden besser helfen zu k\u00f6nnen wuchs sehr schnell.<\/p>\n<p>Kurz darauf hatte ich die M\u00f6glichkeit und \u00fcbernahm eine Shire Horse Stute, die eingeschl\u00e4fert werden sollte. Mit richtiger Haltung und F\u00fctterung ging es ihr schnell besser und heute reite und fahre ich mit ihr durch den Wald.<\/p>\n<p>Da war schnell die Endscheidung gefallen, dass ich mehr Wissen m\u00f6chte und noch mehr helfen m\u00f6chte. Besonders den XXL-Ponys (bei mir sind alle Ponys), bei denen es schwierig ist einen geeigneten Pferdeosteopathen zu bekommen.<\/p>\n<p>Da ich selbst knapp 190cm gro\u00df bin, bin ich auch XXL.<\/p>\n<p>Am Ende war es mein Ehemann James der zu mir sagte:<\/p>\n<p>\u201eWenn Du keinen geeigneten Osteopathen f\u00fcr Deine Pferde findest, dann mach es doch einfach selbst.\u201c<\/p>\n<p>Und so begann ich im Oktober 2023 meine Ausbildung zur Pferdeosteopathin\/Pferdephysiotherapeutin bei einem FN anerkannten Ausbildungsbetrieb, dem Fachzentrum f\u00fcr Pferdeosteopathie (ZePo).<\/p>\n<p>Die Ausbildung habe ich im M\u00e4rz 2025 erfolgreich abgeschlossen.<\/p>\n<p>\u00a0<\/p>\n<p>Ich freue mich, dass ich meinen eigenen Pferden, den Pferden auf meinem Pferdepensionsbetrieb und auch fremden Pferde als Pferdeosteopathin jetzt zur Verf\u00fcgung stehen kann.<\/p>\n<p>\u00a0<\/p>\n<p>In den n\u00e4chsten Monaten sind noch zus\u00e4tzliche Fortbildungen geplant.<\/p>\n<ul>\n<li>Dorntherapie\u00a0\u00a0\u00a0\u00a0\u00a0\u00a0\u00a0\u00a0\u00a0\u00a0\u00a0\u00a0\u00a0\u00a0\u00a0\u00a0\u00a0\u00a0\u00a0\u00a0\u00a0\u00a0\u00a0\u00a0\u00a0\u00a0\u00a0\u00a0\u00a0\u00a0\u00a0\u00a0 \u00a0 im M\u00e4rz 2025 <\/li>\n<li>Blutegeltherapie\u00a0\u00a0\u00a0\u00a0\u00a0\u00a0\u00a0\u00a0\u00a0\u00a0\u00a0\u00a0\u00a0\u00a0\u00a0\u00a0\u00a0\u00a0\u00a0\u00a0\u00a0\u00a0\u00a0\u00a0\u00a0\u00a0\u00a0\u00a0 im Mai 2025<\/li>\n<li>Kinesio Taping am Pferd\u00a0\u00a0\u00a0\u00a0\u00a0\u00a0\u00a0\u00a0\u00a0\u00a0\u00a0\u00a0\u00a0 im Mai 2025<\/li>\n<li>Dry Needling\u00a0\u00a0\u00a0\u00a0\u00a0\u00a0\u00a0\u00a0\u00a0\u00a0\u00a0\u00a0\u00a0\u00a0\u00a0\u00a0\u00a0\u00a0\u00a0\u00a0\u00a0\u00a0\u00a0\u00a0\u00a0\u00a0\u00a0\u00a0\u00a0\u00a0\u00a0\u00a0\u00a0\u00a0 im Oktober 2025<\/li>\n<\/ul>\n<p>\u00a0<\/p>\n<p>\u00a0<\/p>\n<p><strong>Preise:<\/strong><\/p>\n<p>Erstuntersuchung \/ Behandlung: \u00a0\u00a0\u00a0\u00a0\u00a0\u00a0\u00a0\u00a0\u00a0\u00a0\u00a0\u00a0\u00a0\u00a0\u00a0\u00a0\u00a0\u00a0\u00a0\u00a0\u00a0\u00a0\u00a0 120 \u20ac\u00a0\u00a0\u00a0\u00a0\u00a0\u00a0\u00a0 Dauer etwa 2 Stunden<\/p>\n<p>Nachuntersuchung innerhalb 6 Wochen: \u00a0\u00a0\u00a0\u00a0\u00a0\u00a0\u00a0\u00a0\u00a0 \u00a0 60 \u20ac<\/p>\n<p>Blutegelbehandlung\u00a0\u00a0\u00a0\u00a0\u00a0\u00a0\u00a0\u00a0\u00a0\u00a0\u00a0\u00a0\u00a0\u00a0\u00a0\u00a0\u00a0\u00a0\u00a0\u00a0\u00a0\u00a0\u00a0\u00a0\u00a0\u00a0\u00a0\u00a0\u00a0\u00a0\u00a0\u00a0\u00a0\u00a0\u00a0\u00a0\u00a0\u00a0\u00a0\u00a0\u00a0\u00a0\u00a0\u00a0\u00a0 \u00a0 \u00a0 40 \u20ac\u00a0\u00a0\u00a0\u00a0\u00a0\u00a0 plus 15 \u20ac pro Blutegel<\/p>\n<p>zzgl. Fahrkosten ab 20km Entfernung von 24223 Schwentinental<\/p>\n<p>\u00a0<\/p>\n<p>Wenn Ihr einen Termin mit mir vereinbaren m\u00f6chtet, kontaktiert mich gerne per E-Mail unter <a href=\"mailto:claudia.sheen@gmx.de\">claudia.sheen@gmx.de<\/a><\/p>\n","protected":false},"excerpt":{"rendered":"<p>Claudia Sheen &#8211; Osteopathie f\u00fcr Pferde Ich betreibe einen landwirtschaftlichen Pferdepensionsbetrieb, den ich im Sommer 2021 von meinem Vater \u00fcbernahm. Nebenbei arbeite ich als Verwaltungsfachangestellte beim International Center der CAU-Kiel und betreue dort internationale Studierende. Meine Leidenschaft geh\u00f6rt den gro\u00dfen &hellip; <a href=\"http:\/\/hof-lepschies.de\/?page_id=397\">Weiterlesen <span class=\"meta-nav\">&rarr;<\/span><\/a><\/p>\n","protected":false},"author":2,"featured_media":0,"parent":0,"menu_order":0,"comment_status":"closed","ping_status":"closed","template":"","meta":{"footnotes":""},"class_list":["post-397","page","type-page","status-publish","hentry"],"_links":{"self":[{"href":"http:\/\/hof-lepschies.de\/index.php?rest_route=\/wp\/v2\/pages\/397","targetHints":{"allow":["GET"]}}],"collection":[{"href":"http:\/\/hof-lepschies.de\/index.php?rest_route=\/wp\/v2\/pages"}],"about":[{"href":"http:\/\/hof-lepschies.de\/index.php?rest_route=\/wp\/v2\/types\/page"}],"author":[{"embeddable":true,"href":"http:\/\/hof-lepschies.de\/index.php?rest_route=\/wp\/v2\/users\/2"}],"replies":[{"embeddable":true,"href":"http:\/\/hof-lepschies.de\/index.php?rest_route=%2Fwp%2Fv2%2Fcomments&post=397"}],"version-history":[{"count":12,"href":"http:\/\/hof-lepschies.de\/index.php?rest_route=\/wp\/v2\/pages\/397\/revisions"}],"predecessor-version":[{"id":427,"href":"http:\/\/hof-lepschies.de\/index.php?rest_route=\/wp\/v2\/pages\/397\/revisions\/427"}],"wp:attachment":[{"href":"http:\/\/hof-lepschies.de\/index.php?rest_route=%2Fwp%2Fv2%2Fmedia&parent=397"}],"curies":[{"name":"wp","href":"https:\/\/api.w.org\/{rel}","templated":true}]}}