{"id":21,"date":"2018-11-11T17:32:22","date_gmt":"2018-11-11T17:32:22","guid":{"rendered":"http:\/\/hof-lepschies.de\/?page_id=21"},"modified":"2021-06-24T09:53:40","modified_gmt":"2021-06-24T09:53:40","slug":"kontakt-anfahrt","status":"publish","type":"page","link":"http:\/\/hof-lepschies.de\/?page_id=21","title":{"rendered":"Kontakt\/Anfahrt"},"content":{"rendered":"<p><img loading=\"lazy\" decoding=\"async\" class=\"alignnone size-medium wp-image-69\" src=\"http:\/\/hof-lepschies.de\/wp-content\/uploads\/2018\/11\/kontaktpferd-300x158.jpg\" alt=\"\" width=\"300\" height=\"158\" srcset=\"http:\/\/hof-lepschies.de\/wp-content\/uploads\/2018\/11\/kontaktpferd-300x158.jpg 300w, http:\/\/hof-lepschies.de\/wp-content\/uploads\/2018\/11\/kontaktpferd.jpg 402w\" sizes=\"auto, (max-width: 300px) 100vw, 300px\" \/><\/p>\n<p>Hof Lepschies<\/p>\n<p>Claudia Sheen<\/p>\n<p>Bekholz 11<\/p>\n<p>24223 Schwentinental<\/p>\n<p>Tel. 01733867719<\/p>\n<p>Email: claudia.sheen@gmx.de<\/p>\n<p><img loading=\"lazy\" decoding=\"async\" class=\"alignnone size-medium wp-image-64\" src=\"http:\/\/hof-lepschies.de\/wp-content\/uploads\/2018\/11\/anfahrt_pferd-300x113.jpg\" alt=\"\" width=\"300\" height=\"113\" srcset=\"http:\/\/hof-lepschies.de\/wp-content\/uploads\/2018\/11\/anfahrt_pferd-300x113.jpg 300w, http:\/\/hof-lepschies.de\/wp-content\/uploads\/2018\/11\/anfahrt_pferd-500x189.jpg 500w, http:\/\/hof-lepschies.de\/wp-content\/uploads\/2018\/11\/anfahrt_pferd.jpg 657w\" sizes=\"auto, (max-width: 300px) 100vw, 300px\" \/><\/p>\n<p><img loading=\"lazy\" decoding=\"async\" class=\"alignnone size-full wp-image-71\" src=\"http:\/\/hof-lepschies.de\/wp-content\/uploads\/2018\/11\/weinbergsiedlung.jpg\" alt=\"\" width=\"295\" height=\"247\" \/><\/p>\n<p>Der Hof Lepschies ist im Schwentinentaler Ortsteil &#8222;Raisdorf-Weinbergsiedlung&#8220; an der B76 zwischen Schwentinental und Preetz gelegen.<\/p>\n<p>Aus Richtung Schwentinental kommen Sie ca. 2 km nach Ende der vierspurigen B76 an eine Bedarfsampel und Bushaltestelle. Dort links abbiegen in die Weinbergsiedlung. Dann in die erste Stra\u00dfe (Schierholz) links einbiegen. Am Ende der Stra\u00dfe fahren Sie rechts in die Stra\u00dfe Bekholz. Der Hof liegt dann links (Bekholz 11).<\/p>\n<p>Aus Richtung Preetz kommend erreicht man nach ca. 1,5 km eine Bedarfsampel mit Bushaltestelle. Dort rechts abbiegen in die Weinbergsiedlung. Dann in die erste Stra\u00dfe (Schierholz) links einbiegen. Am Ende der Stra\u00dfe fahren Sie rechts in die Stra\u00dfe Bekholz. Der Hof liegt dann links (Bekholz 11).<\/p>\n","protected":false},"excerpt":{"rendered":"<p>Hof Lepschies Claudia Sheen Bekholz 11 24223 Schwentinental Tel. 01733867719 Email: claudia.sheen@gmx.de Der Hof Lepschies ist im Schwentinentaler Ortsteil &#8222;Raisdorf-Weinbergsiedlung&#8220; an der B76 zwischen Schwentinental und Preetz gelegen. Aus Richtung Schwentinental kommen Sie ca. 2 km nach Ende der vierspurigen &hellip; <a href=\"http:\/\/hof-lepschies.de\/?page_id=21\">Weiterlesen <span class=\"meta-nav\">&rarr;<\/span><\/a><\/p>\n","protected":false},"author":2,"featured_media":64,"parent":0,"menu_order":7,"comment_status":"closed","ping_status":"closed","template":"","meta":{"footnotes":""},"class_list":["post-21","page","type-page","status-publish","has-post-thumbnail","hentry"],"_links":{"self":[{"href":"http:\/\/hof-lepschies.de\/index.php?rest_route=\/wp\/v2\/pages\/21","targetHints":{"allow":["GET"]}}],"collection":[{"href":"http:\/\/hof-lepschies.de\/index.php?rest_route=\/wp\/v2\/pages"}],"about":[{"href":"http:\/\/hof-lepschies.de\/index.php?rest_route=\/wp\/v2\/types\/page"}],"author":[{"embeddable":true,"href":"http:\/\/hof-lepschies.de\/index.php?rest_route=\/wp\/v2\/users\/2"}],"replies":[{"embeddable":true,"href":"http:\/\/hof-lepschies.de\/index.php?rest_route=%2Fwp%2Fv2%2Fcomments&post=21"}],"version-history":[{"count":8,"href":"http:\/\/hof-lepschies.de\/index.php?rest_route=\/wp\/v2\/pages\/21\/revisions"}],"predecessor-version":[{"id":234,"href":"http:\/\/hof-lepschies.de\/index.php?rest_route=\/wp\/v2\/pages\/21\/revisions\/234"}],"wp:featuredmedia":[{"embeddable":true,"href":"http:\/\/hof-lepschies.de\/index.php?rest_route=\/wp\/v2\/media\/64"}],"wp:attachment":[{"href":"http:\/\/hof-lepschies.de\/index.php?rest_route=%2Fwp%2Fv2%2Fmedia&parent=21"}],"curies":[{"name":"wp","href":"https:\/\/api.w.org\/{rel}","templated":true}]}}