{"id":17,"date":"2018-11-11T17:31:39","date_gmt":"2018-11-11T17:31:39","guid":{"rendered":"http:\/\/hof-lepschies.de\/?page_id=17"},"modified":"2025-03-27T18:07:32","modified_gmt":"2025-03-27T18:07:32","slug":"service","status":"publish","type":"page","link":"http:\/\/hof-lepschies.de\/?page_id=17","title":{"rendered":"Service"},"content":{"rendered":"<p><img loading=\"lazy\" decoding=\"async\" class=\"alignnone size-medium wp-image-70\" src=\"http:\/\/hof-lepschies.de\/wp-content\/uploads\/2018\/11\/servicepferd-300x122.jpg\" alt=\"\" width=\"300\" height=\"122\" srcset=\"http:\/\/hof-lepschies.de\/wp-content\/uploads\/2018\/11\/servicepferd-300x122.jpg 300w, http:\/\/hof-lepschies.de\/wp-content\/uploads\/2018\/11\/servicepferd-500x203.jpg 500w, http:\/\/hof-lepschies.de\/wp-content\/uploads\/2018\/11\/servicepferd.jpg 597w\" sizes=\"auto, (max-width: 300px) 100vw, 300px\" \/><\/p>\n<p>Zus\u00e4tzlich zur morgendlichen F\u00fctterung Ihres Pferdes und das t\u00e4gliche rausbringen auf Koppel\/Paddock, bieten wir folgende Serviceleistungen an:<\/p>\n<p><em><strong>Nur Buchbar in der Zeit von 01.10. bis 31.05.<\/strong><\/em><\/p>\n<p><strong>Mistservice von Montags bis Freitags, au\u00dfer Feiertags.<\/strong><\/p>\n<p><em><strong>Nur Buchbar in der Zeit von 01.11. bis 30.04.<\/strong><\/em><\/p>\n<p><strong>Reinholservice<br \/>\n<\/strong><\/p>\n<p><strong>Absammeldienst f\u00fcr die Winterpaddocks<\/strong><strong><br \/>\n<\/strong><\/p>\n<p><strong>Auf Wunsch f\u00fcttern wir Ihr Pferd auch Abends<\/strong>.<\/p>\n<p>Weitere Sonderw\u00fcnsche, wie Medikamentengabe oder auch Vollkommen-Sorglospaket wo wir alles machen (aufgrund von z.B. Krankheit oder \u00e4hnlichem) erf\u00fcllen wir, wenn m\u00f6glich, nach Absprache gerne.<\/p>\n","protected":false},"excerpt":{"rendered":"<p>Zus\u00e4tzlich zur morgendlichen F\u00fctterung Ihres Pferdes und das t\u00e4gliche rausbringen auf Koppel\/Paddock, bieten wir folgende Serviceleistungen an: Nur Buchbar in der Zeit von 01.10. bis 31.05. Mistservice von Montags bis Freitags, au\u00dfer Feiertags. Nur Buchbar in der Zeit von 01.11. &hellip; <a href=\"http:\/\/hof-lepschies.de\/?page_id=17\">Weiterlesen <span class=\"meta-nav\">&rarr;<\/span><\/a><\/p>\n","protected":false},"author":2,"featured_media":70,"parent":0,"menu_order":3,"comment_status":"closed","ping_status":"closed","template":"","meta":{"footnotes":""},"class_list":["post-17","page","type-page","status-publish","has-post-thumbnail","hentry"],"_links":{"self":[{"href":"http:\/\/hof-lepschies.de\/index.php?rest_route=\/wp\/v2\/pages\/17","targetHints":{"allow":["GET"]}}],"collection":[{"href":"http:\/\/hof-lepschies.de\/index.php?rest_route=\/wp\/v2\/pages"}],"about":[{"href":"http:\/\/hof-lepschies.de\/index.php?rest_route=\/wp\/v2\/types\/page"}],"author":[{"embeddable":true,"href":"http:\/\/hof-lepschies.de\/index.php?rest_route=\/wp\/v2\/users\/2"}],"replies":[{"embeddable":true,"href":"http:\/\/hof-lepschies.de\/index.php?rest_route=%2Fwp%2Fv2%2Fcomments&post=17"}],"version-history":[{"count":17,"href":"http:\/\/hof-lepschies.de\/index.php?rest_route=\/wp\/v2\/pages\/17\/revisions"}],"predecessor-version":[{"id":418,"href":"http:\/\/hof-lepschies.de\/index.php?rest_route=\/wp\/v2\/pages\/17\/revisions\/418"}],"wp:featuredmedia":[{"embeddable":true,"href":"http:\/\/hof-lepschies.de\/index.php?rest_route=\/wp\/v2\/media\/70"}],"wp:attachment":[{"href":"http:\/\/hof-lepschies.de\/index.php?rest_route=%2Fwp%2Fv2%2Fmedia&parent=17"}],"curies":[{"name":"wp","href":"https:\/\/api.w.org\/{rel}","templated":true}]}}