{"id":13,"date":"2018-11-11T17:30:58","date_gmt":"2018-11-11T17:30:58","guid":{"rendered":"http:\/\/hof-lepschies.de\/?page_id=13"},"modified":"2025-04-23T04:04:53","modified_gmt":"2025-04-23T04:04:53","slug":"home","status":"publish","type":"page","link":"http:\/\/hof-lepschies.de\/","title":{"rendered":"Home"},"content":{"rendered":"<p><img loading=\"lazy\" decoding=\"async\" class=\"alignnone size-full wp-image-212\" src=\"http:\/\/hof-lepschies.de\/wp-content\/uploads\/2021\/06\/IMG-20210620-WA0000.jpg\" alt=\"\" width=\"1409\" height=\"870\" srcset=\"http:\/\/hof-lepschies.de\/wp-content\/uploads\/2021\/06\/IMG-20210620-WA0000.jpg 1409w, http:\/\/hof-lepschies.de\/wp-content\/uploads\/2021\/06\/IMG-20210620-WA0000-300x185.jpg 300w, http:\/\/hof-lepschies.de\/wp-content\/uploads\/2021\/06\/IMG-20210620-WA0000-1024x632.jpg 1024w, http:\/\/hof-lepschies.de\/wp-content\/uploads\/2021\/06\/IMG-20210620-WA0000-768x474.jpg 768w\" sizes=\"auto, (max-width: 1409px) 100vw, 1409px\" \/><\/p>\n<p>Hof Lepschies<\/p>\n<p>Gegr\u00fcndet im Sommer 1951 von Kurt Lepschies und seiner Ehefrau Gertrud. Die beiden betrieben Landwirtschaft mit Milchk\u00fchen und Schweinen.<\/p>\n<p>In den 1980er \u00fcbernahm Sohn Gerd Kurt Lepschies den Hof mit seiner Ehefrau Annegret. Sie stellten Ende der 1980er um auf landwirtschaftliche Pferdepensionshaltung.<\/p>\n<p>Am 01.07.2021 \u00fcbernahm deren Tochter Claudia Sheen den Hof Lepschies zusammen mit ihrem Ehemann James.<\/p>\n<p>Neben den Pferdeboxen stehen Pferd und Reiter eine Sattelkammer mit Schr\u00e4nken f\u00fcr das Reitzubeh\u00f6r, ein beheizter Deckenraum, ein beleuchteter Reitplatz, ein Longierplatz und eine kleine Reithalle zur Verf\u00fcgung. Ebenso ein Aufenthaltsraum mit WC f\u00fcr den Reiter.<\/p>\n<p>Neu seid Dezember 2024 haben wir auch ein Pferdesolarium, welches allen zur Verf\u00fcgung steht.<\/p>\n<p>Im M\u00e4rz 2025 hat Claudia ihre Ausbildung zur Pferdeosteopathin &amp; Pferdephysiotherapeutin erfolgreich abgeschlossen und steht den Einstellerpferden zur Verf\u00fcgung.<\/p>\n<p>Des weiteren mehrere Hauskoppeln und super sch\u00f6ne gro\u00dfe Sommerkoppeln. Im Winter stehen die Pferde am Hof auf Sandpaddocks mit Heu- oder Strohf\u00fctterung aus Raufen.<\/p>\n<p>Der Hof bietet auch ein sch\u00f6nes Ausreitgel\u00e4nde an, da direkt mit dem Reitwegnetz \u201cSchusteracht\u201d verbunden. Reitweg 5 und 6<\/p>\n<div id=\"attachment_269\" style=\"width: 650px\" class=\"wp-caption aligncenter\"><img loading=\"lazy\" decoding=\"async\" aria-describedby=\"caption-attachment-269\" class=\"wp-image-269 size-large\" src=\"http:\/\/hof-lepschies.de\/wp-content\/uploads\/2021\/10\/DJI_0473-1024x767.jpg\" alt=\"\" width=\"640\" height=\"479\" srcset=\"http:\/\/hof-lepschies.de\/wp-content\/uploads\/2021\/10\/DJI_0473-1024x767.jpg 1024w, http:\/\/hof-lepschies.de\/wp-content\/uploads\/2021\/10\/DJI_0473-300x225.jpg 300w, http:\/\/hof-lepschies.de\/wp-content\/uploads\/2021\/10\/DJI_0473-768x576.jpg 768w, http:\/\/hof-lepschies.de\/wp-content\/uploads\/2021\/10\/DJI_0473-1536x1151.jpg 1536w, http:\/\/hof-lepschies.de\/wp-content\/uploads\/2021\/10\/DJI_0473-2048x1535.jpg 2048w\" sizes=\"auto, (max-width: 640px) 100vw, 640px\" \/><p id=\"caption-attachment-269\" class=\"wp-caption-text\">created by dji camera<\/p><\/div>\n<p><img loading=\"lazy\" decoding=\"async\" class=\"alignnone size-medium wp-image-213\" src=\"http:\/\/hof-lepschies.de\/wp-content\/uploads\/2021\/06\/FB_IMG_1624121674713-1-300x225.jpg\" alt=\"\" width=\"300\" height=\"225\" srcset=\"http:\/\/hof-lepschies.de\/wp-content\/uploads\/2021\/06\/FB_IMG_1624121674713-1-300x225.jpg 300w, http:\/\/hof-lepschies.de\/wp-content\/uploads\/2021\/06\/FB_IMG_1624121674713-1-1024x767.jpg 1024w, http:\/\/hof-lepschies.de\/wp-content\/uploads\/2021\/06\/FB_IMG_1624121674713-1-768x575.jpg 768w, http:\/\/hof-lepschies.de\/wp-content\/uploads\/2021\/06\/FB_IMG_1624121674713-1.jpg 1080w\" sizes=\"auto, (max-width: 300px) 100vw, 300px\" \/> <img loading=\"lazy\" decoding=\"async\" class=\"alignnone size-medium wp-image-215\" src=\"http:\/\/hof-lepschies.de\/wp-content\/uploads\/2021\/06\/FB_IMG_1624526778688-300x225.jpg\" alt=\"\" width=\"300\" height=\"225\" srcset=\"http:\/\/hof-lepschies.de\/wp-content\/uploads\/2021\/06\/FB_IMG_1624526778688-300x225.jpg 300w, http:\/\/hof-lepschies.de\/wp-content\/uploads\/2021\/06\/FB_IMG_1624526778688-1024x767.jpg 1024w, http:\/\/hof-lepschies.de\/wp-content\/uploads\/2021\/06\/FB_IMG_1624526778688-768x575.jpg 768w, http:\/\/hof-lepschies.de\/wp-content\/uploads\/2021\/06\/FB_IMG_1624526778688.jpg 1080w\" sizes=\"auto, (max-width: 300px) 100vw, 300px\" \/><\/p>\n<p>Wir sind nat\u00fcrlich auch auf Facebook und Instagram zu finden.<\/p>\n<p><a href=\"https:\/\/www.facebook.com\/Hof-Lepschies-164819524203938\/\">Hof Lepschies<\/a><\/p>\n<p><a href=\"http:\/\/hof-lepschies.de\/wp-content\/uploads\/2018\/11\/44060341_248451062507450_2312980068038606848_n.jpg\" data-rel=\"lightbox-gallery-Y2jwIPER\" data-rl_title=\"44060341_248451062507450_2312980068038606848_n\" data-rl_caption=\"\" title=\"44060341_248451062507450_2312980068038606848_n\"><img loading=\"lazy\" decoding=\"async\" class=\"alignnone wp-image-119 size-medium\" src=\"http:\/\/hof-lepschies.de\/wp-content\/uploads\/2018\/11\/44060341_248451062507450_2312980068038606848_n-297x300.jpg\" alt=\"\" width=\"297\" height=\"300\" srcset=\"http:\/\/hof-lepschies.de\/wp-content\/uploads\/2018\/11\/44060341_248451062507450_2312980068038606848_n-297x300.jpg 297w, http:\/\/hof-lepschies.de\/wp-content\/uploads\/2018\/11\/44060341_248451062507450_2312980068038606848_n-768x775.jpg 768w, http:\/\/hof-lepschies.de\/wp-content\/uploads\/2018\/11\/44060341_248451062507450_2312980068038606848_n.jpg 951w\" sizes=\"auto, (max-width: 297px) 100vw, 297px\" \/><\/a><\/p>\n<p>Unter anderem findet man hier auch die Ostsee Shires von Claudia und James Sheen.<\/p>\n<p><a href=\"http:\/\/hof-lepschies.de\/wp-content\/uploads\/2018\/11\/elerLogoklein-1.jpg\" data-rel=\"lightbox-gallery-Y2jwIPER\" data-rl_title=\"elerLogoklein\" data-rl_caption=\"\" title=\"elerLogoklein\"><img loading=\"lazy\" decoding=\"async\" class=\"alignnone wp-image-126 size-full\" src=\"http:\/\/hof-lepschies.de\/wp-content\/uploads\/2018\/11\/elerLogoklein-1.jpg\" alt=\"\" width=\"290\" height=\"163\" \/><\/a><\/p>\n","protected":false},"excerpt":{"rendered":"<p>Hof Lepschies Gegr\u00fcndet im Sommer 1951 von Kurt Lepschies und seiner Ehefrau Gertrud. Die beiden betrieben Landwirtschaft mit Milchk\u00fchen und Schweinen. In den 1980er \u00fcbernahm Sohn Gerd Kurt Lepschies den Hof mit seiner Ehefrau Annegret. Sie stellten Ende der 1980er &hellip; <a href=\"http:\/\/hof-lepschies.de\/\">Weiterlesen <span class=\"meta-nav\">&rarr;<\/span><\/a><\/p>\n","protected":false},"author":2,"featured_media":180,"parent":0,"menu_order":1,"comment_status":"closed","ping_status":"closed","template":"","meta":{"footnotes":""},"class_list":["post-13","page","type-page","status-publish","has-post-thumbnail","hentry"],"_links":{"self":[{"href":"http:\/\/hof-lepschies.de\/index.php?rest_route=\/wp\/v2\/pages\/13","targetHints":{"allow":["GET"]}}],"collection":[{"href":"http:\/\/hof-lepschies.de\/index.php?rest_route=\/wp\/v2\/pages"}],"about":[{"href":"http:\/\/hof-lepschies.de\/index.php?rest_route=\/wp\/v2\/types\/page"}],"author":[{"embeddable":true,"href":"http:\/\/hof-lepschies.de\/index.php?rest_route=\/wp\/v2\/users\/2"}],"replies":[{"embeddable":true,"href":"http:\/\/hof-lepschies.de\/index.php?rest_route=%2Fwp%2Fv2%2Fcomments&post=13"}],"version-history":[{"count":32,"href":"http:\/\/hof-lepschies.de\/index.php?rest_route=\/wp\/v2\/pages\/13\/revisions"}],"predecessor-version":[{"id":423,"href":"http:\/\/hof-lepschies.de\/index.php?rest_route=\/wp\/v2\/pages\/13\/revisions\/423"}],"wp:featuredmedia":[{"embeddable":true,"href":"http:\/\/hof-lepschies.de\/index.php?rest_route=\/wp\/v2\/media\/180"}],"wp:attachment":[{"href":"http:\/\/hof-lepschies.de\/index.php?rest_route=%2Fwp%2Fv2%2Fmedia&parent=13"}],"curies":[{"name":"wp","href":"https:\/\/api.w.org\/{rel}","templated":true}]}}